{"id":3284,"date":"2024-03-29T15:51:50","date_gmt":"2024-03-29T19:51:50","guid":{"rendered":"https:\/\/vitpr.com\/?post_type=product&#038;p=3284"},"modified":"2024-08-14T14:49:28","modified_gmt":"2024-08-14T18:49:28","slug":"cambios-tarjeta-digital","status":"publish","type":"product","link":"https:\/\/vitpr.com\/en\/product\/cambios-tarjeta-digital\/","title":{"rendered":"Cambios Perfil Digital"},"content":{"rendered":"<div class=\"eael-accordion-list\">\n<div id=\"elementor-tab-content-5747\" class=\"eael-accordion-content clearfix\" data-tab=\"7\" aria-labelledby=\"puedo-hacerle-cambios-a-mi-tarjeta-digital-luego-de-haber-sido-creada\">\n<p>Al adquirir tu Perfil Digital, te incluimos una actualizaci\u00f3n libre de costo durante el primer a\u00f1o. Cambios adicionales y luego del primer a\u00f1o, tienen un costo de $20. Nos puedes enviar los detalles de los cambios a nuestro correo electr\u00f3nico <a target=\"_new\" rel=\"noopener\">info@vitpr.com<\/a>\u00a0and we will take care of it.<\/p>\n<\/div>\n<\/div>\n<div class=\"eael-accordion-list\">\n<div id=\"cul-es-el-mtodo-de-entrega\" class=\"elementor-tab-title eael-accordion-header\" tabindex=\"0\" data-tab=\"8\" aria-controls=\"elementor-tab-content-5748\"><\/div>\n<\/div>","protected":false},"excerpt":{"rendered":"<div class=\"eael-accordion-list\">\n<div id=\"elementor-tab-content-5747\" class=\"eael-accordion-content clearfix\" data-tab=\"7\" aria-labelledby=\"puedo-hacerle-cambios-a-mi-tarjeta-digital-luego-de-haber-sido-creada\">\n<p>Al adquirir tu Perfil Digital, te incluimos una actualizaci\u00f3n libre de costo durante el primer a\u00f1o. Cambios adicionales y luego del primer a\u00f1o, tienen un costo de $20. Una vez hagas la compra, puedes enviar los detalles de los cambios a nuestro correo electr\u00f3nico <a target=\"_new\" rel=\"noopener\">info@vitpr.com<\/a>\u00a0and we will take care of it.<\/p>\n<\/div>\n<\/div>\n<div class=\"eael-accordion-list\">\n<div id=\"cul-es-el-mtodo-de-entrega\" class=\"elementor-tab-title eael-accordion-header\" tabindex=\"0\" data-tab=\"8\" aria-controls=\"elementor-tab-content-5748\"><\/div>\n<\/div>","protected":false},"featured_media":2628,"template":"","meta":{"ocean_post_layout":"full-screen","ocean_both_sidebars_style":"","ocean_both_sidebars_content_width":0,"ocean_both_sidebars_sidebars_width":0,"ocean_sidebar":"0","ocean_second_sidebar":"0","ocean_disable_margins":"enable","ocean_add_body_class":"","ocean_shortcode_before_top_bar":"","ocean_shortcode_after_top_bar":"","ocean_shortcode_before_header":"","ocean_shortcode_after_header":"","ocean_has_shortcode":"","ocean_shortcode_after_title":"","ocean_shortcode_before_footer_widgets":"","ocean_shortcode_after_footer_widgets":"","ocean_shortcode_before_footer_bottom":"","ocean_shortcode_after_footer_bottom":"","ocean_display_top_bar":"default","ocean_display_header":"default","ocean_header_style":"","ocean_center_header_left_menu":"0","ocean_custom_header_template":"0","ocean_custom_logo":0,"ocean_custom_retina_logo":0,"ocean_custom_logo_max_width":0,"ocean_custom_logo_tablet_max_width":0,"ocean_custom_logo_mobile_max_width":0,"ocean_custom_logo_max_height":0,"ocean_custom_logo_tablet_max_height":0,"ocean_custom_logo_mobile_max_height":0,"ocean_header_custom_menu":"0","ocean_menu_typo_font_family":"0","ocean_menu_typo_font_subset":"","ocean_menu_typo_font_size":0,"ocean_menu_typo_font_size_tablet":0,"ocean_menu_typo_font_size_mobile":0,"ocean_menu_typo_font_size_unit":"px","ocean_menu_typo_font_weight":"","ocean_menu_typo_font_weight_tablet":"","ocean_menu_typo_font_weight_mobile":"","ocean_menu_typo_transform":"","ocean_menu_typo_transform_tablet":"","ocean_menu_typo_transform_mobile":"","ocean_menu_typo_line_height":0,"ocean_menu_typo_line_height_tablet":0,"ocean_menu_typo_line_height_mobile":0,"ocean_menu_typo_line_height_unit":"","ocean_menu_typo_spacing":0,"ocean_menu_typo_spacing_tablet":0,"ocean_menu_typo_spacing_mobile":0,"ocean_menu_typo_spacing_unit":"","ocean_menu_link_color":"","ocean_menu_link_color_hover":"","ocean_menu_link_color_active":"","ocean_menu_link_background":"","ocean_menu_link_hover_background":"","ocean_menu_link_active_background":"","ocean_menu_social_links_bg":"","ocean_menu_social_hover_links_bg":"","ocean_menu_social_links_color":"","ocean_menu_social_hover_links_color":"","ocean_disable_title":"on","ocean_disable_heading":"default","ocean_post_title":"","ocean_post_subheading":"","ocean_post_title_style":"","ocean_post_title_background_color":"","ocean_post_title_background":0,"ocean_post_title_bg_image_position":"","ocean_post_title_bg_image_attachment":"","ocean_post_title_bg_image_repeat":"","ocean_post_title_bg_image_size":"","ocean_post_title_height":0,"ocean_post_title_bg_overlay":0.5,"ocean_post_title_bg_overlay_color":"","ocean_disable_breadcrumbs":"default","ocean_breadcrumbs_color":"","ocean_breadcrumbs_separator_color":"","ocean_breadcrumbs_links_color":"","ocean_breadcrumbs_links_hover_color":"","ocean_display_footer_widgets":"off","ocean_display_footer_bottom":"default","ocean_custom_footer_template":"0"},"product_brand":[],"product_cat":[28],"product_tag":[],"class_list":{"0":"post-3284","1":"product","2":"type-product","3":"status-publish","4":"has-post-thumbnail","6":"product_cat-uncategorized","8":"entry","9":"has-media","11":"first","12":"instock","13":"virtual","14":"purchasable","15":"product-type-simple","16":"has-product-nav","17":"col","18":"span_1_of_3","19":"owp-content-center","20":"owp-thumbs-layout-horizontal","21":"owp-btn-normal","22":"owp-tabs-layout-horizontal","23":"has-no-thumbnails"},"_links":{"self":[{"href":"https:\/\/vitpr.com\/en\/wp-json\/wp\/v2\/product\/3284","targetHints":{"allow":["GET"]}}],"collection":[{"href":"https:\/\/vitpr.com\/en\/wp-json\/wp\/v2\/product"}],"about":[{"href":"https:\/\/vitpr.com\/en\/wp-json\/wp\/v2\/types\/product"}],"wp:featuredmedia":[{"embeddable":true,"href":"https:\/\/vitpr.com\/en\/wp-json\/wp\/v2\/media\/2628"}],"wp:attachment":[{"href":"https:\/\/vitpr.com\/en\/wp-json\/wp\/v2\/media?parent=3284"}],"wp:term":[{"taxonomy":"product_brand","embeddable":true,"href":"https:\/\/vitpr.com\/en\/wp-json\/wp\/v2\/product_brand?post=3284"},{"taxonomy":"product_cat","embeddable":true,"href":"https:\/\/vitpr.com\/en\/wp-json\/wp\/v2\/product_cat?post=3284"},{"taxonomy":"product_tag","embeddable":true,"href":"https:\/\/vitpr.com\/en\/wp-json\/wp\/v2\/product_tag?post=3284"}],"curies":[{"name":"wp","href":"https:\/\/api.w.org\/{rel}","templated":true}]}}